{"id":109,"date":"2021-06-11T16:53:36","date_gmt":"2021-06-11T13:53:36","guid":{"rendered":"https:\/\/katsoihminen.com\/covid-19\/?page_id=109"},"modified":"2021-06-11T16:53:36","modified_gmt":"2021-06-11T13:53:36","slug":"sv","status":"publish","type":"page","link":"https:\/\/katsoihminen.com\/covid-19\/sv\/","title":{"rendered":"sv"},"content":{"rendered":"\n<figure class=\"wp-block-image size-large\"><img loading=\"lazy\" decoding=\"async\" width=\"935\" height=\"213\" src=\"https:\/\/katsoihminen.com\/covid-19\/wp-content\/uploads\/2021\/06\/koronatarinat-banner-1_6_21-01-1.jpeg\" alt=\"\" class=\"wp-image-110\" srcset=\"https:\/\/katsoihminen.com\/covid-19\/wp-content\/uploads\/2021\/06\/koronatarinat-banner-1_6_21-01-1.jpeg 935w, https:\/\/katsoihminen.com\/covid-19\/wp-content\/uploads\/2021\/06\/koronatarinat-banner-1_6_21-01-1-300x68.jpeg 300w, https:\/\/katsoihminen.com\/covid-19\/wp-content\/uploads\/2021\/06\/koronatarinat-banner-1_6_21-01-1-768x175.jpeg 768w\" sizes=\"auto, (max-width: 935px) 100vw, 935px\" \/><\/figure>\n\n\n\n<p>Fotoutst\u00e4llningen COVID19 skildrar med bilder och ber\u00e4ttelser hur coronaviruset eller hotet om det ber\u00f6r oss alla. Vi upplever alla samma k\u00e4nslor av r\u00e4dsla, \u00e5ngest och ensamhet, oberoende av \u00e5lder, livssituation och yrke. Men hoppet lever.<\/p>\n\n\n\n<p>Utst\u00e4llningen \u00e4r en del av fotokonstn\u00e4r Johanna Kares utst\u00e4llningskoncept f\u00f6r KATSO IHMINEN\u2122 . Med sina bilder vill Kare v\u00e4cka tankar och inspirera m\u00e4nniskor till det goda.<\/p>\n\n\n\n<p>Utst\u00e4llningen har best\u00e4llts av M\u00e4nniskor\u00e4ttscentret.<\/p>\n\n\n<ul class=\"wp-block-latest-posts__list wp-block-latest-posts\"><li><a class=\"wp-block-latest-posts__post-title\" href=\"https:\/\/katsoihminen.com\/covid-19\/1-arto-kyrkoherde\/\">1. Arto \u2013 kyrkoherde<\/a><\/li>\n<li><a class=\"wp-block-latest-posts__post-title\" href=\"https:\/\/katsoihminen.com\/covid-19\/2-tomas-en-allvarligt-sjuk-ung-man\/\">2. Tomas \u2013 en allvarligt sjuk ung man<\/a><\/li>\n<li><a class=\"wp-block-latest-posts__post-title\" href=\"https:\/\/katsoihminen.com\/covid-19\/3-arja-pensionar\/\">3. Arja \u2013 pension\u00e4r<\/a><\/li>\n<li><a class=\"wp-block-latest-posts__post-title\" href=\"https:\/\/katsoihminen.com\/covid-19\/4-veli-jukka-infektionslakare\/\">4. Veli-Jukka \u2013 infektionsl\u00e4kare<\/a><\/li>\n<li><a class=\"wp-block-latest-posts__post-title\" href=\"https:\/\/katsoihminen.com\/covid-19\/5-emmi-sjukskotare-utbildare\/\">5. Emmi \u2013 Sjuksk\u00f6tare\/utbildare<\/a><\/li>\n<li><a class=\"wp-block-latest-posts__post-title\" href=\"https:\/\/katsoihminen.com\/covid-19\/6-maggie-kafeforetagare\/\">6. Maggie \u2013 kaf\u00e9f\u00f6retagare<\/a><\/li>\n<li><a class=\"wp-block-latest-posts__post-title\" href=\"https:\/\/katsoihminen.com\/covid-19\/7-paivi-stadare\/\">7. P\u00e4ivi \u2013 st\u00e4dare<\/a><\/li>\n<li><a class=\"wp-block-latest-posts__post-title\" href=\"https:\/\/katsoihminen.com\/covid-19\/8-johan-teaterchef-producent\/\">8. Johan \u2013 teaterchef\/producent<\/a><\/li>\n<li><a class=\"wp-block-latest-posts__post-title\" href=\"https:\/\/katsoihminen.com\/covid-19\/9-heidi-larare\/\">9. Heidi \u2013 l\u00e4rare<\/a><\/li>\n<li><a class=\"wp-block-latest-posts__post-title\" href=\"https:\/\/katsoihminen.com\/covid-19\/10-sami-ordningspolis\/\">10. Sami \u2013 ordningspolis<\/a><\/li>\n<\/ul>","protected":false},"excerpt":{"rendered":"<p>Fotoutst\u00e4llningen COVID19 skildrar med bilder och ber\u00e4ttelser hur coronaviruset eller hotet om det ber\u00f6r oss alla. Vi upplever alla samma k\u00e4nslor av r\u00e4dsla, \u00e5ngest och ensamhet, oberoende av \u00e5lder, livssituation och yrke. Men hoppet lever. Utst\u00e4llningen \u00e4r en del av fotokonstn\u00e4r Johanna Kares utst\u00e4llningskoncept f\u00f6r KATSO IHMINEN\u2122 . Med sina bilder vill Kare v\u00e4cka tankar&hellip; <a class=\"more-link\" href=\"https:\/\/katsoihminen.com\/covid-19\/sv\/\">Jatka lukemista <span class=\"screen-reader-text\">sv<\/span><\/a><\/p>\n","protected":false},"author":1,"featured_media":0,"parent":0,"menu_order":0,"comment_status":"closed","ping_status":"closed","template":"","meta":{"footnotes":""},"class_list":["post-109","page","type-page","status-publish","hentry","entry"],"_links":{"self":[{"href":"https:\/\/katsoihminen.com\/covid-19\/wp-json\/wp\/v2\/pages\/109","targetHints":{"allow":["GET"]}}],"collection":[{"href":"https:\/\/katsoihminen.com\/covid-19\/wp-json\/wp\/v2\/pages"}],"about":[{"href":"https:\/\/katsoihminen.com\/covid-19\/wp-json\/wp\/v2\/types\/page"}],"author":[{"embeddable":true,"href":"https:\/\/katsoihminen.com\/covid-19\/wp-json\/wp\/v2\/users\/1"}],"replies":[{"embeddable":true,"href":"https:\/\/katsoihminen.com\/covid-19\/wp-json\/wp\/v2\/comments?post=109"}],"version-history":[{"count":1,"href":"https:\/\/katsoihminen.com\/covid-19\/wp-json\/wp\/v2\/pages\/109\/revisions"}],"predecessor-version":[{"id":111,"href":"https:\/\/katsoihminen.com\/covid-19\/wp-json\/wp\/v2\/pages\/109\/revisions\/111"}],"wp:attachment":[{"href":"https:\/\/katsoihminen.com\/covid-19\/wp-json\/wp\/v2\/media?parent=109"}],"curies":[{"name":"wp","href":"https:\/\/api.w.org\/{rel}","templated":true}]}}